{"id":410,"date":"2023-10-23T10:09:47","date_gmt":"2023-10-23T08:09:47","guid":{"rendered":"http:\/\/projekt.cardamom.at\/LUHNA2\/?page_id=410"},"modified":"2023-10-23T10:09:47","modified_gmt":"2023-10-23T08:09:47","slug":"positionspapier","status":"publish","type":"page","link":"http:\/\/projekt.cardamom.at\/LUHNA2\/positionspapier\/","title":{"rendered":"Positionspapier"},"content":{"rendered":"<!--themify_builder_content-->\n<div id=\"themify_builder_content-410\" data-postid=\"410\" class=\"themify_builder_content themify_builder_content-410 themify_builder tf_clear\">\n    \t<!-- module_row -->\n\t<div  data-lazy=\"1\" class=\"module_row themify_builder_row tb_z6yt2 tb_first tf_clearfix\">\n\t    \t\t<div class=\"row_inner col_align_top tf_box tf_w tf_rel\">\n\t\t\t<div  data-lazy=\"1\" class=\"module_column tb-column col-full first tb_k5km3 tf_box\">\n\t    \t    \t        <div class=\"tb-column-inner tf_box tf_w\">\n\t\t    <!-- module text -->\n<div  class=\"module module-text tb_ydnr0   \" data-lazy=\"1\">\n            <div  class=\"tb_text_wrap\">\n    <header class=\"entry-header\">\n<h1 class=\"entry-title\">Positionspapier<\/h1>\n<\/header>\n<div class=\"entry-content\">\n<h2>Die Freie und Reformp\u00e4dagogische Schulen Steiermark<\/h2>\n<p>versteht sich als Interessenvertretung und tritt vor allem f\u00fcr einen fairen Kostenersatz f\u00fcr alle privaten Bildungsinitiatven durch die \u00d6ffentliche Hand ein.<\/p>\n<h4>Unsere Argumente<\/h4>\n<p>Die Arbeit freier Schulen zu f\u00f6rdern kommt allen zugute:<\/p>\n<ul>\n<li>weil erst durch die Existenz freier Schulen wirkliche Alternativen f\u00fcr die Schulwahl der Eltern entstehen und dadurch das Spektrum <span>des gesamten Bildungsangebotes<\/span> erweitert wird.<\/li>\n<li>weil der freie Wettbewerb autonomer Schulen\u00a0 <span>die Qualit\u00e4t des gesamten Schulwesens<\/span> steigert.<\/li>\n<li>weil die freien Schulen viele p\u00e4dagogische Konzepte erproben und weiterentwickeln, die sp\u00e4ter vom <span>\u00f6ffentlichen Schulwesen<\/span>\u00fcbernommen werden.<\/li>\n<li>weil sie als selbst verwaltete und eigenverantwortlich gef\u00fchrte Schulen <span>Vorreiter f\u00fcr die Autonomisierung \u00f6ffentlicher Schulen<\/span>sind.<\/li>\n<li>weil sie das <span>Engagement der B\u00fcrgerInnen f\u00fcr Bildung<\/span> st\u00e4rken und<\/li>\n<li>weil es den freien Schulen erst durch eine faire \u00f6ffentliche Finanzierung wirklich m\u00f6glich wird,\u00a0 <span>Kinder von Eltern aus allen Einkommensschichten\u00a0 zu integrieren.<\/span><\/li>\n<\/ul>\n<h4>Unsere Ziele<\/h4>\n<ul>\n<li>Eine vielf\u00e4ltige und damit zukunftsf\u00e4hige Bildungslandschaft<\/li>\n<li>Erh\u00f6hung des \u00f6ffentlichen Stellenwertes unserer Schulen<\/li>\n<li>Mitverantwortung bei der Weiterentwicklung von Schule und Gesellschaft<\/li>\n<li>Zusammenarbeit mit EFFE \u00d6sterreich, Interessensvertretungen und anderen Verb\u00e4nden auf dem Gebiet der Bildung, um eine \u00f6sterreichweit einheitliche finanzielle F\u00f6rderung und wirtschaftliche Absicherung von schulischen Bildungsinitiativen in freier Tr\u00e4gerschaft zu erwirken.<\/li>\n<\/ul>\n<h4>Unsere Forderung<\/h4>\n<ul>\n<li>Fairer Kostenersatz f\u00fcr alle privaten Bildungsinitiativen durch die \u00f6ffentliche Hand, und zwar in H\u00f6he von 80% jener Gesamtkosten, die durchschnittlich pro Kind an \u00f6ffentlichen Bildungs- oder Betreuungseinrichtungen anfallen, und zwar im Rahmen einer gesetzlich verbindlichen Regelung auf Bundes-, Landes- und Gemeindeebene.<\/li>\n<\/ul>\n<\/div>    <\/div>\n<\/div>\n<!-- \/module text -->\t        <\/div>\n\t    \t<\/div>\n\t\t    <\/div>\n\t    <!-- \/row_inner -->\n\t<\/div>\n\t<!-- \/module_row -->\n\t<\/div>\n<!--\/themify_builder_content-->","protected":false},"excerpt":{"rendered":"<p>Positionspapier Die Freie und Reformp\u00e4dagogische Schulen Steiermark versteht sich als Interessenvertretung und tritt vor allem f\u00fcr einen fairen Kostenersatz f\u00fcr alle privaten Bildungsinitiatven durch die \u00d6ffentliche Hand ein. Unsere Argumente Die Arbeit freier Schulen zu f\u00f6rdern kommt allen zugute: weil erst durch die Existenz freier Schulen wirkliche Alternativen f\u00fcr die Schulwahl der Eltern entstehen und [&hellip;]<\/p>\n","protected":false},"author":1,"featured_media":0,"parent":0,"menu_order":0,"comment_status":"closed","ping_status":"closed","template":"","meta":{"footnotes":""},"class_list":["post-410","page","type-page","status-publish","hentry","has-post-title","has-post-date","has-post-category","has-post-tag","has-post-comment","has-post-author",""],"yoast_head":"<!-- This site is optimized with the Yoast SEO plugin v21.6 - https:\/\/yoast.com\/wordpress\/plugins\/seo\/ -->\n<title>Positionspapier - Plattform freier und reformp\u00e4dagogischer Schulen<\/title>\n<meta name=\"robots\" content=\"index, follow, max-snippet:-1, max-image-preview:large, max-video-preview:-1\" \/>\n<link rel=\"canonical\" href=\"http:\/\/projekt.cardamom.at\/LUHNA2\/positionspapier\/\" \/>\n<meta property=\"og:locale\" content=\"de_DE\" \/>\n<meta property=\"og:type\" content=\"article\" \/>\n<meta property=\"og:title\" content=\"Positionspapier - Plattform freier und reformp\u00e4dagogischer Schulen\" \/>\n<meta property=\"og:description\" content=\"Positionspapier Die Freie und Reformp\u00e4dagogische Schulen Steiermark versteht sich als Interessenvertretung und tritt vor allem f\u00fcr einen fairen Kostenersatz f\u00fcr alle privaten Bildungsinitiatven durch die \u00d6ffentliche Hand ein. Unsere Argumente Die Arbeit freier Schulen zu f\u00f6rdern kommt allen zugute: weil erst durch die Existenz freier Schulen wirkliche Alternativen f\u00fcr die Schulwahl der Eltern entstehen und [&hellip;]\" \/>\n<meta property=\"og:url\" content=\"http:\/\/projekt.cardamom.at\/LUHNA2\/positionspapier\/\" \/>\n<meta property=\"og:site_name\" content=\"Plattform freier und reformp\u00e4dagogischer Schulen\" \/>\n<meta name=\"twitter:card\" content=\"summary_large_image\" \/>\n<script type=\"application\/ld+json\" class=\"yoast-schema-graph\">{\"@context\":\"https:\/\/schema.org\",\"@graph\":[{\"@type\":\"WebPage\",\"@id\":\"http:\/\/projekt.cardamom.at\/LUHNA2\/positionspapier\/\",\"url\":\"http:\/\/projekt.cardamom.at\/LUHNA2\/positionspapier\/\",\"name\":\"Positionspapier - Plattform freier und reformp\u00e4dagogischer Schulen\",\"isPartOf\":{\"@id\":\"http:\/\/projekt.cardamom.at\/LUHNA2\/#website\"},\"datePublished\":\"2023-10-23T08:09:47+00:00\",\"dateModified\":\"2023-10-23T08:09:47+00:00\",\"breadcrumb\":{\"@id\":\"http:\/\/projekt.cardamom.at\/LUHNA2\/positionspapier\/#breadcrumb\"},\"inLanguage\":\"de\",\"potentialAction\":[{\"@type\":\"ReadAction\",\"target\":[\"http:\/\/projekt.cardamom.at\/LUHNA2\/positionspapier\/\"]}]},{\"@type\":\"BreadcrumbList\",\"@id\":\"http:\/\/projekt.cardamom.at\/LUHNA2\/positionspapier\/#breadcrumb\",\"itemListElement\":[{\"@type\":\"ListItem\",\"position\":1,\"name\":\"Startseite\",\"item\":\"http:\/\/projekt.cardamom.at\/LUHNA2\/\"},{\"@type\":\"ListItem\",\"position\":2,\"name\":\"Positionspapier\"}]},{\"@type\":\"WebSite\",\"@id\":\"http:\/\/projekt.cardamom.at\/LUHNA2\/#website\",\"url\":\"http:\/\/projekt.cardamom.at\/LUHNA2\/\",\"name\":\"Plattform freier und reformp\u00e4dagogischer Schulen\",\"description\":\"Schulen f\u00fcr individuelle F\u00f6rderung und St\u00e4rkung der Pers\u00f6nlichkeit\",\"publisher\":{\"@id\":\"http:\/\/projekt.cardamom.at\/LUHNA2\/#organization\"},\"potentialAction\":[{\"@type\":\"SearchAction\",\"target\":{\"@type\":\"EntryPoint\",\"urlTemplate\":\"http:\/\/projekt.cardamom.at\/LUHNA2\/?s={search_term_string}\"},\"query-input\":\"required name=search_term_string\"}],\"inLanguage\":\"de\"},{\"@type\":\"Organization\",\"@id\":\"http:\/\/projekt.cardamom.at\/LUHNA2\/#organization\",\"name\":\"Plattform freier und reformp\u00e4dagogischer Schulen\",\"url\":\"http:\/\/projekt.cardamom.at\/LUHNA2\/\",\"logo\":{\"@type\":\"ImageObject\",\"inLanguage\":\"de\",\"@id\":\"http:\/\/projekt.cardamom.at\/LUHNA2\/#\/schema\/logo\/image\/\",\"url\":\"http:\/\/projekt.cardamom.at\/LUHNA2\/wp-content\/uploads\/2021\/06\/PlafoFreieSchulen_Logo2021_WEB.png\",\"contentUrl\":\"http:\/\/projekt.cardamom.at\/LUHNA2\/wp-content\/uploads\/2021\/06\/PlafoFreieSchulen_Logo2021_WEB.png\",\"width\":600,\"height\":214,\"caption\":\"Plattform freier und reformp\u00e4dagogischer Schulen\"},\"image\":{\"@id\":\"http:\/\/projekt.cardamom.at\/LUHNA2\/#\/schema\/logo\/image\/\"}}]}<\/script>\n<!-- \/ Yoast SEO plugin. -->","yoast_head_json":{"title":"Positionspapier - Plattform freier und reformp\u00e4dagogischer Schulen","robots":{"index":"index","follow":"follow","max-snippet":"max-snippet:-1","max-image-preview":"max-image-preview:large","max-video-preview":"max-video-preview:-1"},"canonical":"http:\/\/projekt.cardamom.at\/LUHNA2\/positionspapier\/","og_locale":"de_DE","og_type":"article","og_title":"Positionspapier - Plattform freier und reformp\u00e4dagogischer Schulen","og_description":"Positionspapier Die Freie und Reformp\u00e4dagogische Schulen Steiermark versteht sich als Interessenvertretung und tritt vor allem f\u00fcr einen fairen Kostenersatz f\u00fcr alle privaten Bildungsinitiatven durch die \u00d6ffentliche Hand ein. Unsere Argumente Die Arbeit freier Schulen zu f\u00f6rdern kommt allen zugute: weil erst durch die Existenz freier Schulen wirkliche Alternativen f\u00fcr die Schulwahl der Eltern entstehen und [&hellip;]","og_url":"http:\/\/projekt.cardamom.at\/LUHNA2\/positionspapier\/","og_site_name":"Plattform freier und reformp\u00e4dagogischer Schulen","twitter_card":"summary_large_image","schema":{"@context":"https:\/\/schema.org","@graph":[{"@type":"WebPage","@id":"http:\/\/projekt.cardamom.at\/LUHNA2\/positionspapier\/","url":"http:\/\/projekt.cardamom.at\/LUHNA2\/positionspapier\/","name":"Positionspapier - Plattform freier und reformp\u00e4dagogischer Schulen","isPartOf":{"@id":"http:\/\/projekt.cardamom.at\/LUHNA2\/#website"},"datePublished":"2023-10-23T08:09:47+00:00","dateModified":"2023-10-23T08:09:47+00:00","breadcrumb":{"@id":"http:\/\/projekt.cardamom.at\/LUHNA2\/positionspapier\/#breadcrumb"},"inLanguage":"de","potentialAction":[{"@type":"ReadAction","target":["http:\/\/projekt.cardamom.at\/LUHNA2\/positionspapier\/"]}]},{"@type":"BreadcrumbList","@id":"http:\/\/projekt.cardamom.at\/LUHNA2\/positionspapier\/#breadcrumb","itemListElement":[{"@type":"ListItem","position":1,"name":"Startseite","item":"http:\/\/projekt.cardamom.at\/LUHNA2\/"},{"@type":"ListItem","position":2,"name":"Positionspapier"}]},{"@type":"WebSite","@id":"http:\/\/projekt.cardamom.at\/LUHNA2\/#website","url":"http:\/\/projekt.cardamom.at\/LUHNA2\/","name":"Plattform freier und reformp\u00e4dagogischer Schulen","description":"Schulen f\u00fcr individuelle F\u00f6rderung und St\u00e4rkung der Pers\u00f6nlichkeit","publisher":{"@id":"http:\/\/projekt.cardamom.at\/LUHNA2\/#organization"},"potentialAction":[{"@type":"SearchAction","target":{"@type":"EntryPoint","urlTemplate":"http:\/\/projekt.cardamom.at\/LUHNA2\/?s={search_term_string}"},"query-input":"required name=search_term_string"}],"inLanguage":"de"},{"@type":"Organization","@id":"http:\/\/projekt.cardamom.at\/LUHNA2\/#organization","name":"Plattform freier und reformp\u00e4dagogischer Schulen","url":"http:\/\/projekt.cardamom.at\/LUHNA2\/","logo":{"@type":"ImageObject","inLanguage":"de","@id":"http:\/\/projekt.cardamom.at\/LUHNA2\/#\/schema\/logo\/image\/","url":"http:\/\/projekt.cardamom.at\/LUHNA2\/wp-content\/uploads\/2021\/06\/PlafoFreieSchulen_Logo2021_WEB.png","contentUrl":"http:\/\/projekt.cardamom.at\/LUHNA2\/wp-content\/uploads\/2021\/06\/PlafoFreieSchulen_Logo2021_WEB.png","width":600,"height":214,"caption":"Plattform freier und reformp\u00e4dagogischer Schulen"},"image":{"@id":"http:\/\/projekt.cardamom.at\/LUHNA2\/#\/schema\/logo\/image\/"}}]}},"builder_content":"<header> <h1>Positionspapier<\/h1> <\/header>\n<h2>Die Freie und Reformp\u00e4dagogische Schulen Steiermark<\/h2> <p>versteht sich als Interessenvertretung und tritt vor allem f\u00fcr einen fairen Kostenersatz f\u00fcr alle privaten Bildungsinitiatven durch die \u00d6ffentliche Hand ein.<\/p> <h4>Unsere Argumente<\/h4> <p>Die Arbeit freier Schulen zu f\u00f6rdern kommt allen zugute:<\/p> <ul> <li>weil erst durch die Existenz freier Schulen wirkliche Alternativen f\u00fcr die Schulwahl der Eltern entstehen und dadurch das Spektrum des gesamten Bildungsangebotes erweitert wird.<\/li> <li>weil der freie Wettbewerb autonomer Schulen\u00a0 die Qualit\u00e4t des gesamten Schulwesens steigert.<\/li> <li>weil die freien Schulen viele p\u00e4dagogische Konzepte erproben und weiterentwickeln, die sp\u00e4ter vom \u00f6ffentlichen Schulwesen\u00fcbernommen werden.<\/li> <li>weil sie als selbst verwaltete und eigenverantwortlich gef\u00fchrte Schulen Vorreiter f\u00fcr die Autonomisierung \u00f6ffentlicher Schulensind.<\/li> <li>weil sie das Engagement der B\u00fcrgerInnen f\u00fcr Bildung st\u00e4rken und<\/li> <li>weil es den freien Schulen erst durch eine faire \u00f6ffentliche Finanzierung wirklich m\u00f6glich wird,\u00a0 Kinder von Eltern aus allen Einkommensschichten\u00a0 zu integrieren.<\/li> <\/ul> <h4>Unsere Ziele<\/h4> <ul> <li>Eine vielf\u00e4ltige und damit zukunftsf\u00e4hige Bildungslandschaft<\/li> <li>Erh\u00f6hung des \u00f6ffentlichen Stellenwertes unserer Schulen<\/li> <li>Mitverantwortung bei der Weiterentwicklung von Schule und Gesellschaft<\/li> <li>Zusammenarbeit mit EFFE \u00d6sterreich, Interessensvertretungen und anderen Verb\u00e4nden auf dem Gebiet der Bildung, um eine \u00f6sterreichweit einheitliche finanzielle F\u00f6rderung und wirtschaftliche Absicherung von schulischen Bildungsinitiativen in freier Tr\u00e4gerschaft zu erwirken.<\/li> <\/ul> <h4>Unsere Forderung<\/h4> <ul> <li>Fairer Kostenersatz f\u00fcr alle privaten Bildungsinitiativen durch die \u00f6ffentliche Hand, und zwar in H\u00f6he von 80% jener Gesamtkosten, die durchschnittlich pro Kind an \u00f6ffentlichen Bildungs- oder Betreuungseinrichtungen anfallen, und zwar im Rahmen einer gesetzlich verbindlichen Regelung auf Bundes-, Landes- und Gemeindeebene.<\/li> <\/ul>","_links":{"self":[{"href":"http:\/\/projekt.cardamom.at\/LUHNA2\/wp-json\/wp\/v2\/pages\/410","targetHints":{"allow":["GET"]}}],"collection":[{"href":"http:\/\/projekt.cardamom.at\/LUHNA2\/wp-json\/wp\/v2\/pages"}],"about":[{"href":"http:\/\/projekt.cardamom.at\/LUHNA2\/wp-json\/wp\/v2\/types\/page"}],"author":[{"embeddable":true,"href":"http:\/\/projekt.cardamom.at\/LUHNA2\/wp-json\/wp\/v2\/users\/1"}],"replies":[{"embeddable":true,"href":"http:\/\/projekt.cardamom.at\/LUHNA2\/wp-json\/wp\/v2\/comments?post=410"}],"version-history":[{"count":0,"href":"http:\/\/projekt.cardamom.at\/LUHNA2\/wp-json\/wp\/v2\/pages\/410\/revisions"}],"wp:attachment":[{"href":"http:\/\/projekt.cardamom.at\/LUHNA2\/wp-json\/wp\/v2\/media?parent=410"}],"curies":[{"name":"wp","href":"https:\/\/api.w.org\/{rel}","templated":true}]}}